{"id":1961,"date":"2019-10-14T18:16:12","date_gmt":"2019-10-14T16:16:12","guid":{"rendered":"http:\/\/www.vhlsendabide.eus\/?page_id=1961"},"modified":"2019-11-25T17:48:24","modified_gmt":"2019-11-25T16:48:24","slug":"se-socio","status":"publish","type":"page","link":"https:\/\/www.vhlsendabide.eus\/es\/se-socio\/","title":{"rendered":"S\u00e9 socio\/a"},"content":{"rendered":"<div class=\"fusion-fullwidth fullwidth-box nonhundred-percent-fullwidth non-hundred-percent-height-scrolling\"  style='background-color: rgba(255,255,255,0);background-position: center center;background-repeat: no-repeat;padding-top:0px;padding-right:0px;padding-bottom:0px;padding-left:0px;'><div class=\"fusion-builder-row fusion-row \"><div  class=\"fusion-layout-column fusion_builder_column fusion_builder_column_1_1  fusion-one-full fusion-column-first fusion-column-last 1_1\"  style='margin-top:0px;margin-bottom:20px;'>\n\t\t\t\t\t<div class=\"fusion-column-wrapper\" style=\"padding: 0px 0px 0px 0px;background-position:left top;background-repeat:no-repeat;-webkit-background-size:cover;-moz-background-size:cover;-o-background-size:cover;background-size:cover;\"   data-bg-url=\"\">\n\t\t\t\t\t\t<div class=\"fusion-title title fusion-title-size-one\" style=\"margin-top:0px;margin-bottom:31px;\"><h1 class=\"title-heading-left\"><h2 class=\"title-heading-center\" style=\"text-align: center;\"><span style=\"font-size: 12pt;\">El\/la socio\/a har\u00e1 una aportaci\u00f3n m\u00ednima de 50 euros al a\u00f1o. Con esa aportaci\u00f3n tendr\u00e1 la informaci\u00f3n a mano y, por otra parte, ayudar\u00e1 a profundizar en la investigaci\u00f3n y a dar a conocer la enfermedad.<\/span><\/h2><\/h1><div class=\"title-sep-container\"><div class=\"title-sep sep-double sep-solid\" style=\"border-color:#e0dede;\"><\/div><\/div><\/div><div class=\"fusion-sep-clear\"><\/div><div class=\"fusion-separator fusion-full-width-sep sep-single sep-solid\" style=\"border-color:#02bcd1;border-top-width:1px;margin-left: auto;margin-right: auto;margin-top:;\"><\/div><div class=\"fusion-sep-clear\"><\/div><div class=\"fusion-separator fusion-full-width-sep sep-single sep-solid\" style=\"border-color:#ffffff;border-top-width:30px;margin-left: auto;margin-right: auto;margin-top:;\"><\/div><div role=\"form\" class=\"wpcf7\" id=\"wpcf7-f1944-o1\" lang=\"eu-ES\" dir=\"ltr\">\n<div class=\"screen-reader-response\"><\/div>\n<form action=\"\/es\/wp-json\/wp\/v2\/pages\/1961#wpcf7-f1944-o1\" method=\"post\" class=\"wpcf7-form\" novalidate=\"novalidate\">\n<div style=\"display: none;\">\n<input type=\"hidden\" name=\"_wpcf7\" value=\"1944\" \/>\n<input type=\"hidden\" name=\"_wpcf7_version\" value=\"5.1.4\" \/>\n<input type=\"hidden\" name=\"_wpcf7_locale\" value=\"eu_ES\" \/>\n<input type=\"hidden\" name=\"_wpcf7_unit_tag\" value=\"wpcf7-f1944-o1\" \/>\n<input type=\"hidden\" name=\"_wpcf7_container_post\" value=\"0\" \/>\n<\/div>\n<p><label> Nombre y apellidos (obligatorio)<br \/>\n    <span class=\"wpcf7-form-control-wrap izen-abizenak\"><input type=\"text\" name=\"izen-abizenak\" value=\"\" size=\"40\" class=\"wpcf7-form-control wpcf7-text wpcf7-validates-as-required\" aria-required=\"true\" aria-invalid=\"false\" \/><\/span> <\/label><\/p>\n<p><label> Email (obligatorio)<br \/>\n    <span class=\"wpcf7-form-control-wrap zure-emaila\"><input type=\"email\" name=\"zure-emaila\" value=\"\" size=\"40\" class=\"wpcf7-form-control wpcf7-text wpcf7-email wpcf7-validates-as-required wpcf7-validates-as-email\" aria-required=\"true\" aria-invalid=\"false\" \/><\/span> <\/label><\/p>\n<p><label> Tel\u00e9fono (obligatorio)<br \/>\n    <span class=\"wpcf7-form-control-wrap zure-telefonoa\"><input type=\"text\" name=\"zure-telefonoa\" value=\"\" size=\"40\" class=\"wpcf7-form-control wpcf7-text wpcf7-validates-as-required\" aria-required=\"true\" aria-invalid=\"false\" \/><\/span> <\/label><\/p>\n<p><label> DNI (obligatorio)<br \/>\n    <span class=\"wpcf7-form-control-wrap zure-NANa\"><input type=\"text\" name=\"zure-NANa\" value=\"\" size=\"40\" class=\"wpcf7-form-control wpcf7-text wpcf7-validates-as-required\" aria-required=\"true\" aria-invalid=\"false\" \/><\/span> <\/label><\/p>\n<p><label> N\u00famero de cuenta corriente (obligatorio)<br \/>\n    <span class=\"wpcf7-form-control-wrap kontu-korrontea\"><input type=\"text\" name=\"kontu-korrontea\" value=\"\" size=\"40\" class=\"wpcf7-form-control wpcf7-text wpcf7-validates-as-required\" aria-required=\"true\" aria-invalid=\"false\" \/><\/span> <\/label><\/p>\n<p><label> Cantidad del aporte (opcional*)<br \/>\n    <span class=\"wpcf7-form-control-wrap ekarpenaren-zenbatekoa\"><input type=\"text\" name=\"ekarpenaren-zenbatekoa\" value=\"\" size=\"40\" class=\"wpcf7-form-control wpcf7-text\" aria-invalid=\"false\" \/><\/span> <\/label><\/p>\n<p><label> Frecuencia del aporte (opcional*)<br \/>\n    <span class=\"wpcf7-form-control-wrap ekarpenaren-maiztasuna\"><input type=\"text\" name=\"ekarpenaren-maiztasuna\" value=\"\" size=\"40\" class=\"wpcf7-form-control wpcf7-text\" aria-invalid=\"false\" \/><\/span> <\/label><\/p>\n<p><label> En que idioma quieres que contactemos contigo? (obligatorio)<br \/>\n    <span class=\"wpcf7-form-control-wrap hizkuntza\"><input type=\"text\" name=\"hizkuntza\" value=\"\" size=\"40\" class=\"wpcf7-form-control wpcf7-text wpcf7-validates-as-required\" aria-required=\"true\" aria-invalid=\"false\" \/><\/span> <\/label><\/p>\n<p><input type=\"submit\" value=\"Asociate!\" class=\"wpcf7-form-control wpcf7-submit\" \/><\/p>\n<div class=\"fusion-alert alert custom alert-custom fusion-alert-center fusion-alert-capitalize alert-dismissable wpcf7-response-output wpcf7-display-none\" style=\"border-width:1px;\"><button style=\"color:;border-color:;\" type=\"button\" class=\"close toggle-alert\" data-dismiss=\"alert\" aria-hidden=\"true\">&times;<\/button><div class=\"fusion-alert-content-wrapper\"><span class=\"fusion-alert-content\"><\/span><\/div><\/div><\/form><\/div><div class=\"fusion-text\"><p>(*) En caso de no especificar la cantidad y la frecuencia de la aportaci\u00f3n supondremos que se quieren aportar 50 euros al a\u00f1o!<\/p>\n<\/div><div class=\"fusion-clearfix\"><\/div>\n\n\t\t\t\t\t<\/div>\n\t\t\t\t<\/div><\/div><\/div>\n","protected":false},"excerpt":{"rendered":"","protected":false},"author":1,"featured_media":0,"parent":0,"menu_order":0,"comment_status":"closed","ping_status":"closed","template":"","meta":[],"_links":{"self":[{"href":"https:\/\/www.vhlsendabide.eus\/es\/wp-json\/wp\/v2\/pages\/1961"}],"collection":[{"href":"https:\/\/www.vhlsendabide.eus\/es\/wp-json\/wp\/v2\/pages"}],"about":[{"href":"https:\/\/www.vhlsendabide.eus\/es\/wp-json\/wp\/v2\/types\/page"}],"author":[{"embeddable":true,"href":"https:\/\/www.vhlsendabide.eus\/es\/wp-json\/wp\/v2\/users\/1"}],"replies":[{"embeddable":true,"href":"https:\/\/www.vhlsendabide.eus\/es\/wp-json\/wp\/v2\/comments?post=1961"}],"version-history":[{"count":11,"href":"https:\/\/www.vhlsendabide.eus\/es\/wp-json\/wp\/v2\/pages\/1961\/revisions"}],"predecessor-version":[{"id":2103,"href":"https:\/\/www.vhlsendabide.eus\/es\/wp-json\/wp\/v2\/pages\/1961\/revisions\/2103"}],"wp:attachment":[{"href":"https:\/\/www.vhlsendabide.eus\/es\/wp-json\/wp\/v2\/media?parent=1961"}],"curies":[{"name":"wp","href":"https:\/\/api.w.org\/{rel}","templated":true}]}}