{"id":2171,"date":"2020-01-21T22:20:28","date_gmt":"2020-01-21T21:20:28","guid":{"rendered":"https:\/\/www.vhlsendabide.eus\/lege-oharra\/"},"modified":"2020-01-21T22:22:31","modified_gmt":"2020-01-21T21:22:31","slug":"lege-oharra","status":"publish","type":"page","link":"https:\/\/www.vhlsendabide.eus\/es\/lege-oharra\/","title":{"rendered":"Aviso legal"},"content":{"rendered":"<p>Qui\u00e9nes somos. Datos identificativos<\/p>\n<p>Esta p\u00e1gina web (www.vhlsendabide.eus) es propiedad de Sendabide, Asociaci\u00f3n Von Hippel-Lindau VHL de Euskadi (en adelante Asociaci\u00f3n Sendabide). (NIF: G75207894). Est\u00e1 inscrita en el censo de asociaciones adscritas al Departamento de Justicia, Empleo y Seguridad Social del Gobierno Vasco, con fecha 21 de septiembre de 2018, con el n\u00famero de registro AS\/G\/21915\/2018. Su domicilio social es Markole 10, 4. C, 20550 Aretxabaleta, Gipuzkoa y la direcci\u00f3n de correo electr\u00f3nico: sendabidevhl@gmail.com. El nombre del dominio es propiedad de la Asociaci\u00f3n Sendabide.<\/p>\n<p>&nbsp;<\/p>\n<p>&nbsp;<\/p>\n<p>Protecci\u00f3n y privacidad de datos personales<\/p>\n<p>El mero acceso a www.vhlsendabide.eus no obliga al usuario a registrarse ni a facilitar datos de car\u00e1cter personal. No obstante, si en alg\u00fan momento el usuario aporta datos de car\u00e1cter personal, estos datos pasar\u00e1n a un fichero automatizado de la Asociaci\u00f3n Sendabide, con el fin de mejorar la gesti\u00f3n de los datos y que la persona socia o amiga reciba informaci\u00f3n sobre las actividades y servicios de la Asociaci\u00f3n Sendabide. Pero estos datos ser\u00e1n tratados de forma confidencial y no se ceder\u00e1n a terceros que no sea la Asociaci\u00f3n Sendabide. La Asociaci\u00f3n Sendabide adoptar\u00e1 las medidas necesarias para evitar la alteraci\u00f3n o p\u00e9rdida de estos datos y el acceso a la base de datos de personas no autorizadas. En todo caso, el usuario tiene derecho a accedera sus datos, rectificar, cancelar o solicitar no recibir comunicaci\u00f3n alguna, de conformidad con lo previsto seg\u00fan lo dispuesto en la\u00a0Ley Org\u00e1nica<a href=\"http:\/\/www.agpd.es\/portalwebAGPD\/Error-http:\/www.lssi.gob.es\/paginas\/Index.aspxides-idphp.php\"> 15\/1999 de \u201cProtecci\u00f3n de datos\u201d<\/a>\u00a0y\u00a0en la Ley 34\/2002, de 11 de julio, <a href=\"http:\/\/www.lssi.gob.es\/paginas\/Index.aspx\">\u201cServicios de la Sociedad de la Informaci\u00f3n y de comercio electr\u00f3nico\u201d.<\/a> Para ello deber\u00e1 dirigirse a Sendabide Elkartea (Markole 10, 4. C, 20550 Aretxabaleta, Gipuzkoa), o a la direcci\u00f3n de correo electr\u00f3nico sendabidevhl@gmail.com.<\/p>\n<p>&nbsp;<\/p>\n<p>Condiciones de uso del sitio web<\/p>\n<p>En el caso de que la persona usuaria necesite aportar datos para ser socia, amiga o voluntaria a trav\u00e9s de www.vhlsendabide.eus, ser\u00e1 la persona usuaria la responsable de proporcionar informaci\u00f3n veraz y legal.<\/p>\n<p>En general, la persona usuaria tiene la obligaci\u00f3n de utilizar los contenidos del sitio web de forma responsable, correcta y conforme a la ley, entre otros, para no utilizar sus contenidos con fines comerciales, para no alterarlos y para no utilizarlos en actividades contrarias a la buena fe.<\/p>\n<p>www.vhlsendabide.eus puede facilitar el acceso a direcciones de Internet que son ajenas, pero en ning\u00fan caso la Asociaci\u00f3n Sendabide se hace responsable de estos contenidos, ni de su calidad, fiabilidad o precisi\u00f3n.<\/p>\n<p>El usuario puede hacer llegar sus opiniones o sugerencias a trav\u00e9s de la siguiente direcci\u00f3n de correo electr\u00f3nico: sendabidevhl@gmail.com.<\/p>\n<p>&nbsp;<\/p>\n<p>Uso de contenidos<\/p>\n<p>Todos los contenidos de esta web est\u00e1n bajo la licencia &#8220;Creative Commons&#8221;. Esto significa que puedes copiar, distribuir y comunicar los contenidos de forma libre, cumpliendo las siguientes condiciones:<\/p>\n<ul>\n<li>Reconocimiento. El contenido de nuestra p\u00e1gina web podr\u00e1 utilizarse citando la fuente como &#8220;Fuente: p\u00e1gina web de la Asociaci\u00f3n Sendabide&#8221;.<\/li>\n<li>No comercial. No se pueden utilizar nuestros contenidos para fines comerciales.<\/li>\n<li>Compartirlo con la misma licencia. Si se modifica o transforma nuestro contenido, o se crea un contenido derivado, el contenido generado s\u00f3lo podr\u00e1 distribuirse con la misma licencia.<\/li>\n<\/ul>\n<p>&nbsp;<\/p>\n<p>Elaboraci\u00f3n:<\/p>\n<p>Los contenidos, organizaci\u00f3n y elecci\u00f3n de enlaces han sido seleccionados y coordinados por la Asociaci\u00f3n Sendabide. El dise\u00f1o, estructura y programaci\u00f3n ha sido realizado por AZK.<\/p>\n<p>&nbsp;<\/p>\n","protected":false},"excerpt":{"rendered":"<p>Qui\u00e9nes somos. Datos identificativos Esta p\u00e1gina web (www.vhlsendabide.eus) es propiedad [&hellip;]<\/p>\n","protected":false},"author":1,"featured_media":0,"parent":0,"menu_order":0,"comment_status":"closed","ping_status":"closed","template":"","meta":[],"_links":{"self":[{"href":"https:\/\/www.vhlsendabide.eus\/es\/wp-json\/wp\/v2\/pages\/2171"}],"collection":[{"href":"https:\/\/www.vhlsendabide.eus\/es\/wp-json\/wp\/v2\/pages"}],"about":[{"href":"https:\/\/www.vhlsendabide.eus\/es\/wp-json\/wp\/v2\/types\/page"}],"author":[{"embeddable":true,"href":"https:\/\/www.vhlsendabide.eus\/es\/wp-json\/wp\/v2\/users\/1"}],"replies":[{"embeddable":true,"href":"https:\/\/www.vhlsendabide.eus\/es\/wp-json\/wp\/v2\/comments?post=2171"}],"version-history":[{"count":2,"href":"https:\/\/www.vhlsendabide.eus\/es\/wp-json\/wp\/v2\/pages\/2171\/revisions"}],"predecessor-version":[{"id":2173,"href":"https:\/\/www.vhlsendabide.eus\/es\/wp-json\/wp\/v2\/pages\/2171\/revisions\/2173"}],"wp:attachment":[{"href":"https:\/\/www.vhlsendabide.eus\/es\/wp-json\/wp\/v2\/media?parent=2171"}],"curies":[{"name":"wp","href":"https:\/\/api.w.org\/{rel}","templated":true}]}}