{"id":1803,"date":"2019-08-29T12:06:01","date_gmt":"2019-08-29T10:06:01","guid":{"rendered":"http:\/\/www.vhlsendabide.eus\/como-ayudar\/"},"modified":"2020-12-22T23:06:52","modified_gmt":"2020-12-22T22:06:52","slug":"comment-aider","status":"publish","type":"page","link":"https:\/\/www.vhlsendabide.eus\/fr\/comment-aider\/","title":{"rendered":"Comment aider?"},"content":{"rendered":"<p><div class=\"fusion-fullwidth fullwidth-box fusion-parallax-none nonhundred-percent-fullwidth non-hundred-percent-height-scrolling\"  style='background-color: rgba(255,255,255,0);background-image: url(\"http:\/\/www.vhlsendabide.eus\/wp-content\/uploads\/2019\/03\/slide3.jpg\");background-position: center center;background-repeat: no-repeat;padding-top:5%;padding-right:0px;padding-bottom:6%;padding-left:0px;border-top-width:0px;border-bottom-width:0px;border-color:#f7f7f7;border-top-style:solid;border-bottom-style:solid;-webkit-background-size:cover;-moz-background-size:cover;-o-background-size:cover;background-size:cover;'><div class=\"fusion-builder-row fusion-row \"><div  class=\"fusion-layout-column fusion_builder_column fusion_builder_column_1_6  fusion-one-sixth fusion-column-first fusion-no-small-visibility 1_6\"  style='margin-top:15px;margin-bottom:15px;width:13.3333%; margin-right: 4%;'>\n\t\t\t\t\t<div class=\"fusion-column-wrapper\" style=\"padding: 0px 0px 0px 0px;background-position:left top;background-repeat:no-repeat;-webkit-background-size:cover;-moz-background-size:cover;-o-background-size:cover;background-size:cover;\"   data-bg-url=\"\">\n\t\t\t\t\t\t<div class=\"fusion-clearfix\"><\/div>\n\n\t\t\t\t\t<\/div>\n\t\t\t\t<\/div><div  data-animationType=fadeInDown data-animationDuration=1.0 data-animationOffset=100% class=\"fusion-layout-column fusion_builder_column fusion_builder_column_2_3  fusion-two-third fusion-animated 2_3\"  style='margin-top:60px;margin-bottom:70px;width:65.3333%; margin-right: 4%;'>\n\t\t\t\t\t<div class=\"fusion-column-wrapper\" style=\"padding: 0px 0px 0px 0px;background-position:left top;background-repeat:no-repeat;-webkit-background-size:cover;-moz-background-size:cover;-o-background-size:cover;background-size:cover;\"   data-bg-url=\"\">\n\t\t\t\t\t\t<div class=\"fusion-text\"><h1 style=\"text-align: center; color: #6d2404;\">PLUSIEURS FA\u00c7ONS DE NOUS JOINDRE<\/h1>\n<\/div><div class=\"fusion-fa-align-center\"><i class=\"fontawesome-icon fa-ellipsis-h fas circle-no\" style=\"font-size:14px;margin-bottom:40px;color:rgba(109,42,13,0.6);\"><\/i><\/div><div class=\"fusion-text\"><p style=\"text-align: center; font-weight: 300; font-size: 20px; color: #6d2404;\">L&#8217;orientation de la cure est centr\u00e9e sur l&#8217;accompagnement et la recherche. La priorit\u00e9 est de financer des projets de recherche pour gu\u00e9rir la maladie avec l&#8217;argent que nous recevons.<\/p>\n<p style=\"text-align: center; font-weight: 300; font-size: 20px; color: #239daa;\">Aidez nous!<\/p>\n<\/div><div class=\"fusion-clearfix\"><\/div>\n\n\t\t\t\t\t<\/div>\n\t\t\t\t<\/div><div  class=\"fusion-layout-column fusion_builder_column fusion_builder_column_1_6  fusion-one-sixth fusion-column-last fusion-no-small-visibility 1_6\"  style='margin-top:15px;margin-bottom:15px;width:13.3333%'>\n\t\t\t\t\t<div class=\"fusion-column-wrapper\" style=\"padding: 0px 0px 0px 0px;background-position:left top;background-repeat:no-repeat;-webkit-background-size:cover;-moz-background-size:cover;-o-background-size:cover;background-size:cover;\"   data-bg-url=\"\">\n\t\t\t\t\t\t<div class=\"fusion-clearfix\"><\/div>\n\n\t\t\t\t\t<\/div>\n\t\t\t\t<\/div><\/div><\/div><div class=\"fusion-fullwidth fullwidth-box nonhundred-percent-fullwidth non-hundred-percent-height-scrolling\"  style='background-color: rgba(255,255,255,0);background-position: center center;background-repeat: no-repeat;padding-top:0px;padding-right:0px;padding-bottom:0px;padding-left:0px;'><div class=\"fusion-builder-row fusion-row \"><div  class=\"fusion-layout-column fusion_builder_column fusion_builder_column_1_1  fusion-one-full fusion-column-first fusion-column-last 1_1\"  style='margin-top:15px;margin-bottom:15px;'>\n\t\t\t\t\t<div class=\"fusion-column-wrapper\" style=\"padding: 0px 0px 0px 0px;background-position:left top;background-repeat:no-repeat;-webkit-background-size:cover;-moz-background-size:cover;-o-background-size:cover;background-size:cover;\"   data-bg-url=\"\">\n\t\t\t\t\t\t<div class=\"fusion-sep-clear\"><\/div><div class=\"fusion-separator sep-single sep-solid\" style=\"border-color:rgba(224,222,222,0);border-top-width:1px;margin-top:;width:100%;max-width:10px;\"><\/div><div class=\"fusion-clearfix\"><\/div>\n\n\t\t\t\t\t<\/div>\n\t\t\t\t<\/div><div  class=\"fusion-layout-column fusion_builder_column fusion_builder_column_1_2  fusion-one-half fusion-column-first fusion-blend-mode 1_2\"  style='margin-top:15px;margin-bottom:15px;width:50%;width:calc(50% - ( ( 4% ) * 0.5 ) );margin-right: 4%;'>\n\t\t\t\t\t<div class=\"fusion-column-wrapper\" style=\"background-color:rgba(255,255,255,0);border:2px solid #4db0d1;padding: 0px 0px 0px 0px;background-position:left top;background-repeat:no-repeat;-webkit-background-size:cover;-moz-background-size:cover;-o-background-size:cover;background-size:cover;\"   data-bg-url=\"\">\n\t\t\t\t\t\t<div class=\"fusion-flip-boxes flip-boxes row fusion-columns-1\"><div class=\"fusion-flip-box-wrapper fusion-column col-lg-12 col-md-12 col-sm-12\"><div class=\"fusion-flip-box fusion-animated\" data-animationType=\"slideInLeft\" data-animationDuration=\"0.1\" data-animationOffset=\"100%\"><div class=\"flip-box-inner-wrapper\"><div class=\"flip-box-front\" style=\"background-color:rgba(246,246,246,0);border-color:rgba(0,0,0,0);border-radius:4px;border-style:solid;border-width:1px;color:#7b838b;\"><div class=\"flip-box-front-inner\"><div class=\"flip-box-grafix flip-box-circle\" style=\"background-color:#008b9b;border-color:#008b9b;\"><i class=\"fa-address-card far\" style=\"color:#ffffff;\"><\/i><\/div><h2 class=\"flip-box-heading without-text\" style=\"color:#3a4149;\">DEVENIR MEMBRE!<\/h2><\/div><\/div><div class=\"flip-box-back\" style=\"background-color:#6d2404;border-color:rgba(0,0,0,0);border-radius:4px;border-style:solid;border-width:1px;color:#ffffff;\"><div class=\"flip-box-back-inner\">\n<p>Afektatu eta familiak biltzen dituen elkarteko kide izateko, egin bazkide! Informazioa eta babesa esku-eskura izango dituzu urtean 50 euro ordainduta; eta, gainera, ikerketan sakontzen eta gaixotasuna ezagutzera ematen lagunduko duzu.<\/p>\n<\/div><\/div><\/div><\/div><\/div><\/div><div class=\"fusion-clearfix\"><\/div><div class=\"fusion-button-wrapper fusion-aligncenter\"><style type=\"text\/css\" scoped=\"scoped\">.fusion-button.button-1 .fusion-button-text, .fusion-button.button-1 i {color:#01a0a0;}.fusion-button.button-1 {border-width:0px;border-color:#01a0a0;}.fusion-button.button-1 .fusion-button-icon-divider{border-color:#01a0a0;}.fusion-button.button-1:hover .fusion-button-text, .fusion-button.button-1:hover i,.fusion-button.button-1:focus .fusion-button-text, .fusion-button.button-1:focus i,.fusion-button.button-1:active .fusion-button-text, .fusion-button.button-1:active{color:#01a0a0;}.fusion-button.button-1:hover, .fusion-button.button-1:focus, .fusion-button.button-1:active{border-width:0px;border-color:#01a0a0;}.fusion-button.button-1:hover .fusion-button-icon-divider, .fusion-button.button-1:hover .fusion-button-icon-divider, .fusion-button.button-1:active .fusion-button-icon-divider{border-color:#01a0a0;}.fusion-button.button-1{background: rgba(209,209,209,0.43);}.fusion-button.button-1:hover,.button-1:focus,.fusion-button.button-1:active{background: rgba(209,209,209,0.43);}.fusion-button.button-1{width:auto;}<\/style><a class=\"fusion-button button-flat fusion-button-square button-xlarge button-custom button-1\" target=\"_self\" href=\"http:\/\/www.vhlsendabide.eus\/fr\/devenez-adherent-ou-partenaire\/\"><span class=\"fusion-button-text\">DEVENIR MEMBRE!<\/span><\/a><\/div><div class=\"fusion-clearfix\"><\/div>\n\n\t\t\t\t\t<\/div>\n\t\t\t\t<\/div><div  class=\"fusion-layout-column fusion_builder_column fusion_builder_column_1_2  fusion-one-half fusion-column-last fusion-blend-mode 1_2\"  style='margin-top:15px;margin-bottom:15px;width:50%;width:calc(50% - ( ( 4% ) * 0.5 ) );'>\n\t\t\t\t\t<div class=\"fusion-column-wrapper\" style=\"background-color:rgba(255,255,255,0);border:2px solid #4db0d1;padding: 0px 0px 0px 0px;background-position:left top;background-repeat:no-repeat;-webkit-background-size:cover;-moz-background-size:cover;-o-background-size:cover;background-size:cover;\"   data-bg-url=\"\">\n\t\t\t\t\t\t<div class=\"fusion-flip-boxes flip-boxes row fusion-columns-1\"><div class=\"fusion-flip-box-wrapper fusion-column col-lg-12 col-md-12 col-sm-12\"><div class=\"fusion-flip-box fusion-animated\" data-animationType=\"slideInLeft\" data-animationDuration=\"0.1\" data-animationOffset=\"100%\"><div class=\"flip-box-inner-wrapper\"><div class=\"flip-box-front\" style=\"background-color:rgba(246,246,246,0);border-color:rgba(0,0,0,0);border-radius:4px;border-style:solid;border-width:1px;color:#7b838b;\"><div class=\"flip-box-front-inner\"><div class=\"flip-box-grafix flip-box-circle\" style=\"background-color:#008b9b;border-color:#008b9b;\"><i class=\"fa-handshake far\" style=\"color:#ffffff;\"><\/i><\/div><h2 class=\"flip-box-heading without-text\" style=\"color:#3a4149;\">\u00caTRE UN AMI<\/h2><\/div><\/div><div class=\"flip-box-back\" style=\"background-color:#6d2404;border-color:rgba(0,0,0,0);border-radius:4px;border-style:solid;border-width:1px;color:#ffffff;\"><div class=\"flip-box-back-inner\">\n<p>Modu iraunkorrean lagunduta Sendabideren kolaboratzaile\u00a0izatea erabakitzen duzuenok epe ertain eta luzera begira ditugun proiektuei egonkortasuna<br \/>\nematen diozue eta sendabidean aurrera egiten lagunduko diguzue.<\/p>\n<\/div><\/div><\/div><\/div><\/div><\/div><div class=\"fusion-clearfix\"><\/div><div class=\"fusion-button-wrapper fusion-aligncenter\"><style type=\"text\/css\" scoped=\"scoped\">.fusion-button.button-2 .fusion-button-text, .fusion-button.button-2 i {color:#01a0a0;}.fusion-button.button-2 {border-width:0px;border-color:#01a0a0;}.fusion-button.button-2 .fusion-button-icon-divider{border-color:#01a0a0;}.fusion-button.button-2:hover .fusion-button-text, .fusion-button.button-2:hover i,.fusion-button.button-2:focus .fusion-button-text, .fusion-button.button-2:focus i,.fusion-button.button-2:active .fusion-button-text, .fusion-button.button-2:active{color:#01a0a0;}.fusion-button.button-2:hover, .fusion-button.button-2:focus, .fusion-button.button-2:active{border-width:0px;border-color:#01a0a0;}.fusion-button.button-2:hover .fusion-button-icon-divider, .fusion-button.button-2:hover .fusion-button-icon-divider, .fusion-button.button-2:active .fusion-button-icon-divider{border-color:#01a0a0;}.fusion-button.button-2{background: rgba(209,209,209,0.43);}.fusion-button.button-2:hover,.button-2:focus,.fusion-button.button-2:active{background: rgba(209,209,209,0.43);}.fusion-button.button-2{width:auto;}<\/style><a class=\"fusion-button button-flat fusion-button-square button-xlarge button-custom button-2\" target=\"_self\" href=\"http:\/\/www.vhlsendabide.eus\/fr\/ekarpena-egin\/\"><span class=\"fusion-button-text\">\u00caTRE UN AMI!<\/span><\/a><\/div><div class=\"fusion-clearfix\"><\/div>\n\n\t\t\t\t\t<\/div>\n\t\t\t\t<\/div><div  class=\"fusion-layout-column fusion_builder_column fusion_builder_column_1_2  fusion-one-half fusion-column-first fusion-blend-mode 1_2\"  style='margin-top:15px;margin-bottom:15px;width:50%;width:calc(50% - ( ( 4% ) * 0.5 ) );margin-right: 4%;'>\n\t\t\t\t\t<div class=\"fusion-column-wrapper\" style=\"background-color:rgba(255,255,255,0);border:2px solid #4db0d1;padding: 0px 0px 0px 0px;background-position:left top;background-repeat:no-repeat;-webkit-background-size:cover;-moz-background-size:cover;-o-background-size:cover;background-size:cover;\"   data-bg-url=\"\">\n\t\t\t\t\t\t<div class=\"fusion-flip-boxes flip-boxes row fusion-columns-1\"><div class=\"fusion-flip-box-wrapper fusion-column col-lg-12 col-md-12 col-sm-12\"><div class=\"fusion-flip-box fusion-animated\" data-animationType=\"slideInLeft\" data-animationDuration=\"0.1\" data-animationOffset=\"100%\"><div class=\"flip-box-inner-wrapper\"><div class=\"flip-box-front\" style=\"background-color:rgba(246,246,246,0);border-color:rgba(0,0,0,0);border-radius:4px;border-style:solid;border-width:1px;color:#7b838b;\"><div class=\"flip-box-front-inner\"><div class=\"flip-box-grafix flip-box-circle\" style=\"background-color:#008b9b;border-color:#008b9b;\"><i class=\"fa-money-bill-alt far\" style=\"color:#ffffff;\"><\/i><\/div><h2 class=\"flip-box-heading without-text\" style=\"color:#3a4149;\">FAIRE UN DON<\/h2><\/div><\/div><div class=\"flip-box-back\" style=\"background-color:#6d2404;border-color:rgba(0,0,0,0);border-radius:4px;border-style:solid;border-width:1px;color:#ffffff;\"><div class=\"flip-box-back-inner\">\n<p>Ekarpen puntuala egitea erabaki dezakezu eta honek ere berebiziko garrantzitsua du guretzat. Izan ere, une jakin batzuetan sostengu handiagoa behar duten proiektuak aurrera ateratzeko ezinbesteko laguntza dira.<br \/>\n<a href=\"#manually-create-anchor-links-wordpress\"><\/div><\/div><\/div><\/div><\/div><\/div><div class=\"fusion-clearfix\"><\/div><div class=\"fusion-button-wrapper fusion-aligncenter\"><style type=\"text\/css\" scoped=\"scoped\">.fusion-button.button-3 .fusion-button-text, .fusion-button.button-3 i {color:#01a0a0;}.fusion-button.button-3 {border-width:0px;border-color:#01a0a0;}.fusion-button.button-3 .fusion-button-icon-divider{border-color:#01a0a0;}.fusion-button.button-3:hover .fusion-button-text, .fusion-button.button-3:hover i,.fusion-button.button-3:focus .fusion-button-text, .fusion-button.button-3:focus i,.fusion-button.button-3:active .fusion-button-text, .fusion-button.button-3:active{color:#01a0a0;}.fusion-button.button-3:hover, .fusion-button.button-3:focus, .fusion-button.button-3:active{border-width:0px;border-color:#01a0a0;}.fusion-button.button-3:hover .fusion-button-icon-divider, .fusion-button.button-3:hover .fusion-button-icon-divider, .fusion-button.button-3:active .fusion-button-icon-divider{border-color:#01a0a0;}.fusion-button.button-3{background: rgba(209,209,209,0.43);}.fusion-button.button-3:hover,.button-3:focus,.fusion-button.button-3:active{background: rgba(209,209,209,0.43);}.fusion-button.button-3{width:auto;}<\/style><a class=\"fusion-button button-flat fusion-button-square button-xlarge button-custom button-3\" target=\"_self\" href=\"\/?page_id=2069\"><span class=\"fusion-button-text\">EGIN EKARPENA!<\/span><\/a><\/div><div class=\"fusion-clearfix\"><\/div>\n\n\t\t\t\t\t<\/div>\n\t\t\t\t<\/div><div  class=\"fusion-layout-column fusion_builder_column fusion_builder_column_1_2  fusion-one-half fusion-column-last fusion-blend-mode 1_2\"  style='margin-top:15px;margin-bottom:15px;width:50%;width:calc(50% - ( ( 4% ) * 0.5 ) );'>\n\t\t\t\t\t<div class=\"fusion-column-wrapper\" style=\"background-color:rgba(255,255,255,0);border:2px solid #4db0d1;padding: 0px 0px 0px 0px;background-position:left top;background-repeat:no-repeat;-webkit-background-size:cover;-moz-background-size:cover;-o-background-size:cover;background-size:cover;\"   data-bg-url=\"\">\n\t\t\t\t\t\t<div class=\"fusion-flip-boxes flip-boxes row fusion-columns-1\"><div class=\"fusion-flip-box-wrapper fusion-column col-lg-12 col-md-12 col-sm-12\"><div class=\"fusion-flip-box fusion-animated\" data-animationType=\"slideInLeft\" data-animationDuration=\"0.1\" data-animationOffset=\"100%\"><div class=\"flip-box-inner-wrapper\"><div class=\"flip-box-front\" style=\"background-color:rgba(246,246,246,0.07);border-color:rgba(0,0,0,0);border-radius:4px;border-style:solid;border-width:1px;color:#7b838b;\"><div class=\"flip-box-front-inner\"><div class=\"flip-box-grafix flip-box-circle\" style=\"background-color:#008b9b;border-color:#008b9b;\"><i class=\"fa-address-card far\" style=\"color:#ffffff;\"><\/i><\/div><h2 class=\"flip-box-heading without-text\" style=\"color:#3a4149;\">FAITES DU TRAVAIL DE B\u00c9N\u00c9VOLAT<\/h2><\/div><\/div><div class=\"flip-box-back\" style=\"background-color:#6d2404;border-color:rgba(0,0,0,0);border-radius:4px;border-style:solid;border-width:1px;color:#ffffff;\"><div class=\"flip-box-back-inner\"><\/a><\/p>\n<p>Buruan ditugun proiektuak aurrera atera ahal izateko denbora eta gaitasunak musutruk eskaintzeko\u00a0prest dauden pertsonen laguntza behar dugu. Zure gaitasunak eta denbora eskaini nahi badituzu, idatzi lasai!<\/p>\n<\/div><\/div><\/div><\/div><\/div><\/div><div class=\"fusion-clearfix\"><\/div><div class=\"fusion-button-wrapper fusion-aligncenter\"><style type=\"text\/css\" scoped=\"scoped\">.fusion-button.button-4 .fusion-button-text, .fusion-button.button-4 i {color:#01a0a0;}.fusion-button.button-4 {border-width:0px;border-color:#01a0a0;}.fusion-button.button-4 .fusion-button-icon-divider{border-color:#01a0a0;}.fusion-button.button-4:hover .fusion-button-text, .fusion-button.button-4:hover i,.fusion-button.button-4:focus .fusion-button-text, .fusion-button.button-4:focus i,.fusion-button.button-4:active .fusion-button-text, .fusion-button.button-4:active{color:#01a0a0;}.fusion-button.button-4:hover, .fusion-button.button-4:focus, .fusion-button.button-4:active{border-width:0px;border-color:#01a0a0;}.fusion-button.button-4:hover .fusion-button-icon-divider, .fusion-button.button-4:hover .fusion-button-icon-divider, .fusion-button.button-4:active .fusion-button-icon-divider{border-color:#01a0a0;}.fusion-button.button-4{background: rgba(209,209,209,0.43);}.fusion-button.button-4:hover,.button-4:focus,.fusion-button.button-4:active{background: rgba(209,209,209,0.43);}.fusion-button.button-4{width:auto;}<\/style><a class=\"fusion-button button-flat fusion-button-square button-xlarge button-custom button-4\" target=\"_self\" href=\"http:\/\/www.vhlsendabide.eus\/fr\/boluntario-izan\/\"><span class=\"fusion-button-text\">IZAN BOLUNTARIO!<\/span><\/a><\/div><div class=\"fusion-clearfix\"><\/div>\n\n\t\t\t\t\t<\/div>\n\t\t\t\t<\/div><\/div><\/div><div id=\"make_an_enquiry\"><div class=\"fusion-fullwidth fullwidth-box nonhundred-percent-fullwidth non-hundred-percent-height-scrolling\"  style='background-color: #f7f7f7;background-position: left top;background-repeat: no-repeat;padding-top:5%;padding-right:0px;padding-bottom:2%;padding-left:0px;border-top-width:0px;border-bottom-width:0px;border-color:#f7f7f7;border-top-style:solid;border-bottom-style:solid;'><div class=\"fusion-builder-row fusion-row \"><div  class=\"fusion-layout-column fusion_builder_column fusion_builder_column_1_1  fusion-one-full fusion-column-first fusion-column-last 1_1\"  style='margin-top:15px;margin-bottom:15px;'>\n\t\t\t\t\t<div class=\"fusion-column-wrapper\" style=\"padding: 0px 0px 0px 0px;background-position:left top;background-repeat:no-repeat;-webkit-background-size:cover;-moz-background-size:cover;-o-background-size:cover;background-size:cover;\"   data-bg-url=\"\">\n\t\t\t\t\t\t<div class=\"fusion-clearfix\"><\/div>\n\n\t\t\t\t\t<\/div>\n\t\t\t\t<\/div><\/div><\/div><\/div><\/p>\n","protected":false},"excerpt":{"rendered":"","protected":false},"author":1,"featured_media":0,"parent":0,"menu_order":0,"comment_status":"closed","ping_status":"closed","template":"100-width.php","meta":[],"_links":{"self":[{"href":"https:\/\/www.vhlsendabide.eus\/fr\/wp-json\/wp\/v2\/pages\/1803"}],"collection":[{"href":"https:\/\/www.vhlsendabide.eus\/fr\/wp-json\/wp\/v2\/pages"}],"about":[{"href":"https:\/\/www.vhlsendabide.eus\/fr\/wp-json\/wp\/v2\/types\/page"}],"author":[{"embeddable":true,"href":"https:\/\/www.vhlsendabide.eus\/fr\/wp-json\/wp\/v2\/users\/1"}],"replies":[{"embeddable":true,"href":"https:\/\/www.vhlsendabide.eus\/fr\/wp-json\/wp\/v2\/comments?post=1803"}],"version-history":[{"count":28,"href":"https:\/\/www.vhlsendabide.eus\/fr\/wp-json\/wp\/v2\/pages\/1803\/revisions"}],"predecessor-version":[{"id":2326,"href":"https:\/\/www.vhlsendabide.eus\/fr\/wp-json\/wp\/v2\/pages\/1803\/revisions\/2326"}],"wp:attachment":[{"href":"https:\/\/www.vhlsendabide.eus\/fr\/wp-json\/wp\/v2\/media?parent=1803"}],"curies":[{"name":"wp","href":"https:\/\/api.w.org\/{rel}","templated":true}]}}