{"id":1826,"date":"2016-08-04T08:17:34","date_gmt":"2016-08-04T08:17:34","guid":{"rendered":"http:\/\/www.vhlsendabide.eus\/vhlsindromea-ikerketa\/"},"modified":"2020-12-23T00:09:04","modified_gmt":"2020-12-22T23:09:04","slug":"recherche","status":"publish","type":"page","link":"https:\/\/www.vhlsendabide.eus\/fr\/recherche\/","title":{"rendered":"Recherche"},"content":{"rendered":"<p><div class=\"fusion-fullwidth fullwidth-box fusion-parallax-none nonhundred-percent-fullwidth non-hundred-percent-height-scrolling\"  style='background-color: rgba(255,255,255,0);background-image: url(\"http:\/\/www.vhlsendabide.eus\/wp-content\/uploads\/2019\/03\/slide2.jpg\");background-position: left top;background-repeat: no-repeat;padding-top:4%;padding-right:0px;padding-bottom:6%;padding-left:0px;border-top-width:0px;border-bottom-width:0px;border-color:#f7f7f7;border-top-style:solid;border-bottom-style:solid;-webkit-background-size:cover;-moz-background-size:cover;-o-background-size:cover;background-size:cover;'><div class=\"fusion-builder-row fusion-row \"><div  class=\"fusion-layout-column fusion_builder_column fusion_builder_column_1_6  fusion-one-sixth fusion-column-first fusion-no-small-visibility 1_6\"  style='margin-top:15px;margin-bottom:15px;width:16.66%;width:calc(16.66% - ( ( 4% + 4% ) * 0.1666 ) );margin-right: 4%;'>\n\t\t\t\t\t<div class=\"fusion-column-wrapper\" style=\"padding: 0px 0px 0px 0px;background-position:left top;background-repeat:no-repeat;-webkit-background-size:cover;-moz-background-size:cover;-o-background-size:cover;background-size:cover;\"   data-bg-url=\"\">\n\t\t\t\t\t\t<div class=\"fusion-clearfix\"><\/div>\n\n\t\t\t\t\t<\/div>\n\t\t\t\t<\/div><div  data-animationType=fadeInDown data-animationDuration=1.0 data-animationOffset=100% class=\"fusion-layout-column fusion_builder_column fusion_builder_column_2_3  fusion-two-third fusion-animated 2_3\"  style='margin-top:40px;margin-bottom:70px;width:66.66%;width:calc(66.66% - ( ( 4% + 4% ) * 0.6666 ) );margin-right: 4%;'>\n\t\t\t\t\t<div class=\"fusion-column-wrapper\" style=\"padding: 0px 0px 0px 0px;background-position:left top;background-repeat:no-repeat;-webkit-background-size:cover;-moz-background-size:cover;-o-background-size:cover;background-size:cover;\"   data-bg-url=\"\">\n\t\t\t\t\t\t<div class=\"fusion-text\"><h2 style=\"text-align: center; font-size: 130px; line-height: 0.85em; margin-top: 0.24em; margin-bottom: 25px;\"><span style=\"color: #999999;\">NOTRE<\/span><\/h2>\n<h2 style=\"text-align: center; font-size: 130px; line-height: 0.85em; margin-top: 0.24em; margin-bottom: 25px;\">RECHERCHE<\/h2>\n<\/div><div class=\"fusion-text\"><h2 style=\"text-align: center; font-size: 130px; line-height: 0.85em; margin-top: 0.24em; margin-bottom: 25px;\">EN CHEMIN<\/h2>\n<h2 style=\"text-align: center; font-size: 130px; line-height: 0.85em; margin-top: 0.24em; margin-bottom: 25px;\"><span style=\"color: #6d2404;\">VERS L&#8217;AVANT<\/span> FAIRE<\/h2>\n<\/div><div class=\"fusion-fa-align-center\"><i class=\"fontawesome-icon fa-ellipsis-h fas circle-no\" style=\"font-size:14px;margin-bottom:25px;color:#6d2404;\"><\/i><\/div><div class=\"fusion-text\"><p style=\"text-align: center; font-size: 20px; line-height: 34px;\">Avec les ressources que nous obtenons, nous voulons d\u00e9velopper les deux strat\u00e9gies suivantes: d&#8217;une part, nous voulons soutenir la recherche mondiale sur notre maladie, et d&#8217;autre part, nous voulons promouvoir de nouvelles recherches sur la th\u00e9rapie g\u00e9nique.<\/p>\n<\/div><div class=\"fusion-sep-clear\"><\/div><div class=\"fusion-separator fusion-full-width-sep sep-none\" style=\"margin-left: auto;margin-right: auto;margin-top:30px;\"><\/div><div class=\"fusion-button-wrapper fusion-aligncenter\"><style type=\"text\/css\" scoped=\"scoped\">.fusion-button.button-1 .fusion-button-text, .fusion-button.button-1 i {color:#239daa;}.fusion-button.button-1 {border-width:0px;border-color:#239daa;}.fusion-button.button-1 .fusion-button-icon-divider{border-color:#239daa;}.fusion-button.button-1:hover .fusion-button-text, .fusion-button.button-1:hover i,.fusion-button.button-1:focus .fusion-button-text, .fusion-button.button-1:focus i,.fusion-button.button-1:active .fusion-button-text, .fusion-button.button-1:active{color:#ffffff;}.fusion-button.button-1:hover, .fusion-button.button-1:focus, .fusion-button.button-1:active{border-width:0px;border-color:#ffffff;}.fusion-button.button-1:hover .fusion-button-icon-divider, .fusion-button.button-1:hover .fusion-button-icon-divider, .fusion-button.button-1:active .fusion-button-icon-divider{border-color:#ffffff;}.fusion-button.button-1{background: rgba(35,157,170,0.41);}.fusion-button.button-1:hover,.button-1:focus,.fusion-button.button-1:active{background: #239daa;}.fusion-button.button-1{width:auto;}<\/style><a class=\"fusion-button button-flat fusion-button-round button-large button-custom button-1\" target=\"_self\" href=\"http:\/\/www.vhlsendabide.eus\/fr\/comment-aider\/\"><span class=\"fusion-button-text\">COMMENT AIDER?<\/span><i class=\"fa-angle-right fas button-icon-right\"><\/i><\/a><\/div><div class=\"fusion-clearfix\"><\/div>\n\n\t\t\t\t\t<\/div>\n\t\t\t\t<\/div><div  class=\"fusion-layout-column fusion_builder_column fusion_builder_column_1_6  fusion-one-sixth fusion-column-last fusion-no-small-visibility 1_6\"  style='margin-top:15px;margin-bottom:15px;width:16.66%;width:calc(16.66% - ( ( 4% + 4% ) * 0.1666 ) );'>\n\t\t\t\t\t<div class=\"fusion-column-wrapper\" style=\"padding: 0px 0px 0px 0px;background-position:left top;background-repeat:no-repeat;-webkit-background-size:cover;-moz-background-size:cover;-o-background-size:cover;background-size:cover;\"   data-bg-url=\"\">\n\t\t\t\t\t\t<div class=\"fusion-clearfix\"><\/div>\n\n\t\t\t\t\t<\/div>\n\t\t\t\t<\/div><\/div><\/div><div class=\"fusion-fullwidth fullwidth-box nonhundred-percent-fullwidth non-hundred-percent-height-scrolling\"  style='background-color: rgba(255,255,255,0);background-position: center center;background-repeat: no-repeat;padding-top:0px;padding-right:0px;padding-bottom:0px;padding-left:0px;'><div class=\"fusion-builder-row fusion-row \"><div  class=\"fusion-layout-column fusion_builder_column fusion_builder_column_1_1  fusion-one-full fusion-column-first fusion-column-last 1_1\"  style='margin-top:15px;margin-bottom:15px;'>\n\t\t\t\t\t<div class=\"fusion-column-wrapper\" style=\"padding: 0px 0px 0px 0px;background-position:left top;background-repeat:no-repeat;-webkit-background-size:cover;-moz-background-size:cover;-o-background-size:cover;background-size:cover;\"   data-bg-url=\"\">\n\t\t\t\t\t\t<div class=\"fusion-clearfix\"><\/div>\n\n\t\t\t\t\t<\/div>\n\t\t\t\t<\/div><div  class=\"fusion-layout-column fusion_builder_column fusion_builder_column_1_1  fusion-one-full fusion-column-first fusion-column-last 1_1\"  style='margin-top:15px;margin-bottom:15px;'>\n\t\t\t\t\t<div class=\"fusion-column-wrapper\" style=\"padding: 0px 0px 0px 0px;background-position:left top;background-repeat:no-repeat;-webkit-background-size:cover;-moz-background-size:cover;-o-background-size:cover;background-size:cover;\"   data-bg-url=\"\">\n\t\t\t\t\t\t<div class=\"fusion-text\"><h2 style=\"text-align: center;\">\u00b7\u00b7\u00b7 Buts \u00b7\u00b7\u00b7<\/h2>\n<\/div><div class=\"fusion-clearfix\"><\/div>\n\n\t\t\t\t\t<\/div>\n\t\t\t\t<\/div><div  class=\"fusion-layout-column fusion_builder_column fusion_builder_column_1_3  fusion-one-third fusion-column-first 1_3\"  style='margin-top:15px;margin-bottom:15px;width:33.33%;width:calc(33.33% - ( ( 4% + 4% ) * 0.3333 ) );margin-right: 4%;'>\n\t\t\t\t\t<div class=\"fusion-column-wrapper\" style=\"padding: 0px 0px 0px 0px;background-position:left top;background-repeat:no-repeat;-webkit-background-size:cover;-moz-background-size:cover;-o-background-size:cover;background-size:cover;\"   data-bg-url=\"\">\n\t\t\t\t\t\t<div class=\"fusion-fa-align-center\"><i class=\"fontawesome-icon fa-hourglass far circle-no fusion-animated\" style=\"font-size:40px;color:#6d2404;\" data-animationType=\"fadeInDown\" data-animationDuration=\"0.1\" data-animationOffset=\"100%\"><\/i><\/div><div class=\"fusion-text\"><\/div><div class=\"fusion-text\"><\/div><div class=\"fusion-text\"><\/div><div class=\"fusion-sep-clear\"><\/div><div class=\"fusion-separator fusion-full-width-sep sep-single sep-solid\" style=\"border-color:#ffffff;border-top-width:1px;margin-left: auto;margin-right: auto;margin-top:60px;\"><\/div><div class=\"fusion-text\"><p style=\"text-align: center;\">Contribuer \u00e0 l&#8217;expansion d&#8217;une banque de donn\u00e9es (Patient Natural History Study) qui recueille des d\u00e9tails historiques sur les personnes atteintes de VHL dans le monde.<\/p>\n<\/div><div class=\"fusion-clearfix\"><\/div>\n\n\t\t\t\t\t<\/div>\n\t\t\t\t<\/div><div  class=\"fusion-layout-column fusion_builder_column fusion_builder_column_1_3  fusion-one-third 1_3\"  style='margin-top:15px;margin-bottom:15px;width:33.33%;width:calc(33.33% - ( ( 4% + 4% ) * 0.3333 ) );margin-right: 4%;'>\n\t\t\t\t\t<div class=\"fusion-column-wrapper\" style=\"padding: 0px 0px 0px 0px;background-position:left top;background-repeat:no-repeat;-webkit-background-size:cover;-moz-background-size:cover;-o-background-size:cover;background-size:cover;\"   data-bg-url=\"\">\n\t\t\t\t\t\t<div class=\"fusion-fa-align-center\"><i class=\"fontawesome-icon fa-hourglass-end fas circle-no fusion-animated\" style=\"font-size:40px;color:#6d2404;\" data-animationType=\"fadeInDown\" data-animationDuration=\"0.1\" data-animationOffset=\"100%\"><\/i><\/div><div class=\"fusion-text\"><\/div><div class=\"fusion-text\"><\/div><div class=\"fusion-text\"><\/div><div class=\"fusion-sep-clear\"><\/div><div class=\"fusion-separator fusion-full-width-sep sep-single sep-solid\" style=\"border-color:#ffffff;border-top-width:1px;margin-left: auto;margin-right: auto;margin-top:60px;\"><\/div><div class=\"fusion-text\"><p style=\"text-align: center;\">Il s&#8217;agit d&#8217;encourager les personnes potentielles \u00e0 des essais cliniques et, dans la mesure du possible, d&#8217;aider au financement.<\/p>\n<\/div><div class=\"fusion-clearfix\"><\/div>\n\n\t\t\t\t\t<\/div>\n\t\t\t\t<\/div><div  class=\"fusion-layout-column fusion_builder_column fusion_builder_column_1_3  fusion-one-third fusion-column-last 1_3\"  style='margin-top:15px;margin-bottom:15px;width:33.33%;width:calc(33.33% - ( ( 4% + 4% ) * 0.3333 ) );'>\n\t\t\t\t\t<div class=\"fusion-column-wrapper\" style=\"padding: 0px 0px 0px 0px;background-position:left top;background-repeat:no-repeat;-webkit-background-size:cover;-moz-background-size:cover;-o-background-size:cover;background-size:cover;\"   data-bg-url=\"\">\n\t\t\t\t\t\t<div class=\"fusion-fa-align-center\"><i class=\"fontawesome-icon fa-hourglass fas circle-no fusion-animated\" style=\"font-size:40px;color:#6d2404;\" data-animationType=\"fadeInDown\" data-animationDuration=\"0.1\" data-animationOffset=\"100%\"><\/i><\/div><div class=\"fusion-text\"><\/div><div class=\"fusion-text\"><\/div><div class=\"fusion-text\"><\/div><div class=\"fusion-sep-clear\"><\/div><div class=\"fusion-separator fusion-full-width-sep sep-single sep-solid\" style=\"border-color:#ffffff;border-top-width:1px;margin-left: auto;margin-right: auto;margin-top:60px;\"><\/div><div class=\"fusion-text\"><p style=\"text-align: center;\">Obtenez des fonds pour commencer des recherches sur la fa\u00e7on de gu\u00e9rir le syndrome du VHL gr\u00e2ce \u00e0 la th\u00e9rapie g\u00e9nique.<\/p>\n<\/div><div class=\"fusion-clearfix\"><\/div>\n\n\t\t\t\t\t<\/div>\n\t\t\t\t<\/div><div  class=\"fusion-layout-column fusion_builder_column fusion_builder_column_1_1  fusion-one-full fusion-column-first fusion-column-last 1_1\"  style='margin-top:15px;margin-bottom:15px;'>\n\t\t\t\t\t<div class=\"fusion-column-wrapper\" style=\"padding: 0px 0px 0px 0px;background-position:left top;background-repeat:no-repeat;-webkit-background-size:cover;-moz-background-size:cover;-o-background-size:cover;background-size:cover;\"   data-bg-url=\"\">\n\t\t\t\t\t\t<div class=\"fusion-text\"><h2 style=\"text-align: center;\">\u00b7\u00b7\u00b7 Comment? \u00b7\u00b7\u00b7<\/h2>\n<\/div><div class=\"fusion-clearfix\"><\/div>\n\n\t\t\t\t\t<\/div>\n\t\t\t\t<\/div><div  class=\"fusion-layout-column fusion_builder_column fusion_builder_column_1_1  fusion-one-full fusion-column-first fusion-column-last 1_1\"  style='margin-top:15px;margin-bottom:15px;'>\n\t\t\t\t\t<div class=\"fusion-column-wrapper\" style=\"padding: 0px 0px 0px 0px;background-position:left top;background-repeat:no-repeat;-webkit-background-size:cover;-moz-background-size:cover;-o-background-size:cover;background-size:cover;\"   data-bg-url=\"\">\n\t\t\t\t\t\t<ul class=\"fusion-checklist fusion-checklist-1\" style=\"font-size:14px;line-height:23.8px;\"><\/ul><div class=\"fusion-clearfix\"><\/div>\n\n\t\t\t\t\t<\/div>\n\t\t\t\t<\/div><div  class=\"fusion-layout-column fusion_builder_column fusion_builder_column_1_2  fusion-one-half fusion-column-first fusion-blend-mode 1_2\"  style='margin-top:15px;margin-bottom:15px;width:50%;width:calc(50% - ( ( 4% ) * 0.5 ) );margin-right: 4%;'>\n\t\t\t\t\t<div class=\"fusion-column-wrapper\" style=\"background-color:rgba(247,247,247,0);padding: 0px 0px 0px 0px;background-position:left top;background-repeat:no-repeat;-webkit-background-size:cover;-moz-background-size:cover;-o-background-size:cover;background-size:cover;\"   data-bg-url=\"\">\n\t\t\t\t\t\t<div class=\"fusion-title title fusion-sep-none fusion-title-center fusion-title-size-one\" style=\"margin-top:0px;margin-bottom:31px;\"><h1 class=\"title-heading-center\" style=\"color:#960200;\">1<\/h1><\/div><div class=\"fusion-text\"><h3 style=\"text-align: center;\"><strong>Encourager la premi\u00e8re recherche sur les possibilit\u00e9s que la th\u00e9rapie g\u00e9nique peut offrir pour le VHL<\/strong>.<\/h3>\n<p style=\"text-align: center;\"><span style=\"color: #000000;\">Le projet VHL Gene Therapy sera men\u00e9 avec le centre de recherche CIMA (Centre de Recherche M\u00e9dicale Appliqu\u00e9e) en Navarre.<br \/>\nCIMA a de l&#8217;exp\u00e9rience dans la recherche sur la fa\u00e7on de gu\u00e9rir les maladies h\u00e9r\u00e9ditaires monog\u00e9niques telles que le VHL par la th\u00e9rapie g\u00e9nique,<br \/>\net \u00e0 propos de notre mal<a style=\"color: #000000;\" href=\"https:\/\/cima.unav.edu\/\">Nafarroako CIMA<\/a> (Centro de Investigaci\u00f3n M\u00e9dica Aplicada) ikerketa\u00a0zentruarekin egingo da.<\/span><br \/>\n<span style=\"color: #000000;\">CIMA zentruan esperientzia izaten hasi dira VHLa bezalako\u00a0gaixotasun hereditario monogenikoak terapia genikoaren bidez nola sendatu\u00a0ikertzeko,<\/span><br \/>\n<span style=\"color: #000000;\">eta gure gaitzari buruzko <strong>nous nous lancerons dans un projet de recherche d\u00e9but 2020.<\/strong>.<\/span><\/p>\n<\/div><div class=\"fusion-clearfix\"><\/div>\n\n\t\t\t\t\t<\/div>\n\t\t\t\t<\/div><div  class=\"fusion-layout-column fusion_builder_column fusion_builder_column_1_2  fusion-one-half fusion-column-last fusion-blend-mode 1_2\"  style='margin-top:15px;margin-bottom:15px;width:50%;width:calc(50% - ( ( 4% ) * 0.5 ) );'>\n\t\t\t\t\t<div class=\"fusion-column-wrapper\" style=\"background-color:rgba(247,247,247,0);padding: 0px 0px 0px 0px;background-position:left top;background-repeat:no-repeat;-webkit-background-size:cover;-moz-background-size:cover;-o-background-size:cover;background-size:cover;\"   data-bg-url=\"\">\n\t\t\t\t\t\t<div class=\"fusion-title title fusion-sep-none fusion-title-center fusion-title-size-one\" style=\"margin-top:0px;margin-bottom:31px;\"><h1 class=\"title-heading-center\" style=\"color:#960200;\">2<\/h1><\/div><div class=\"fusion-text\"><h3 style=\"text-align: center;\"><strong>Soutenir la recherche en cours sur la gu\u00e9rison du VHL dans le monde.<\/strong><\/h3>\n<p style=\"text-align: center;\"><span style=\"color: #000000;\"><strong>Apr\u00e8s avoir class\u00e9 les recherches men\u00e9es dans le monde<\/strong>, nous essaierons de fixer des priorit\u00e9s afin que les ressources puissent \u00eatre allou\u00e9es de la bonne mani\u00e8re. Pour cela, et dans un premier temps, nous travaillons avec Biodonostia sur une carte des recherches les plus importantes au monde, qui nous aidera \u00e0 identifier et prioriser nos agents collaboratifs.<\/span><\/p>\n<\/div><div class=\"fusion-clearfix\"><\/div>\n\n\t\t\t\t\t<\/div>\n\t\t\t\t<\/div><div  class=\"fusion-layout-column fusion_builder_column fusion_builder_column_1_1  fusion-one-full fusion-column-first fusion-column-last 1_1\"  style='margin-top:15px;margin-bottom:15px;'>\n\t\t\t\t\t<div class=\"fusion-column-wrapper\" style=\"padding: 0px 0px 0px 0px;background-position:left top;background-repeat:no-repeat;-webkit-background-size:cover;-moz-background-size:cover;-o-background-size:cover;background-size:cover;\"   data-bg-url=\"\">\n\t\t\t\t\t\t<div class=\"fusion-sep-clear\"><\/div><div class=\"fusion-separator fusion-full-width-sep sep-single sep-solid\" style=\"border-color:#239daa;border-top-width:1px;margin-left: auto;margin-right: auto;margin-top:;\"><\/div><div class=\"fusion-clearfix\"><\/div>\n\n\t\t\t\t\t<\/div>\n\t\t\t\t<\/div><\/div><\/div><\/p>\n","protected":false},"excerpt":{"rendered":"","protected":false},"author":1,"featured_media":0,"parent":0,"menu_order":0,"comment_status":"closed","ping_status":"closed","template":"100-width.php","meta":[],"_links":{"self":[{"href":"https:\/\/www.vhlsendabide.eus\/fr\/wp-json\/wp\/v2\/pages\/1826"}],"collection":[{"href":"https:\/\/www.vhlsendabide.eus\/fr\/wp-json\/wp\/v2\/pages"}],"about":[{"href":"https:\/\/www.vhlsendabide.eus\/fr\/wp-json\/wp\/v2\/types\/page"}],"author":[{"embeddable":true,"href":"https:\/\/www.vhlsendabide.eus\/fr\/wp-json\/wp\/v2\/users\/1"}],"replies":[{"embeddable":true,"href":"https:\/\/www.vhlsendabide.eus\/fr\/wp-json\/wp\/v2\/comments?post=1826"}],"version-history":[{"count":16,"href":"https:\/\/www.vhlsendabide.eus\/fr\/wp-json\/wp\/v2\/pages\/1826\/revisions"}],"predecessor-version":[{"id":2351,"href":"https:\/\/www.vhlsendabide.eus\/fr\/wp-json\/wp\/v2\/pages\/1826\/revisions\/2351"}],"wp:attachment":[{"href":"https:\/\/www.vhlsendabide.eus\/fr\/wp-json\/wp\/v2\/media?parent=1826"}],"curies":[{"name":"wp","href":"https:\/\/api.w.org\/{rel}","templated":true}]}}