{"id":1952,"date":"2019-10-13T15:15:46","date_gmt":"2019-10-13T13:15:46","guid":{"rendered":"http:\/\/www.vhlsendabide.eus\/?page_id=1952"},"modified":"2020-12-22T23:08:29","modified_gmt":"2020-12-22T22:08:29","slug":"devenez-adherent-ou-partenaire","status":"publish","type":"page","link":"https:\/\/www.vhlsendabide.eus\/fr\/devenez-adherent-ou-partenaire\/","title":{"rendered":"Devenez adh\u00e8rent ou partenaire"},"content":{"rendered":"<div class=\"fusion-fullwidth fullwidth-box nonhundred-percent-fullwidth non-hundred-percent-height-scrolling\"  style='background-color: rgba(255,255,255,0);background-position: center center;background-repeat: no-repeat;padding-top:0px;padding-right:0px;padding-bottom:0px;padding-left:0px;'><div class=\"fusion-builder-row fusion-row \"><div  class=\"fusion-layout-column fusion_builder_column fusion_builder_column_1_1  fusion-one-full fusion-column-first fusion-column-last 1_1\"  style='margin-top:0px;margin-bottom:0px;'>\n\t\t\t\t\t<div class=\"fusion-column-wrapper\" style=\"padding: 0px 0px 0px 0px;background-position:left top;background-repeat:no-repeat;-webkit-background-size:cover;-moz-background-size:cover;-o-background-size:cover;background-size:cover;\"   data-bg-url=\"\">\n\t\t\t\t\t\t<div class=\"fusion-title title fusion-sep-none fusion-title-center fusion-title-size-two\" style=\"margin-top:0px;margin-bottom:31px;\"><h2 class=\"title-heading-center\"><p style=\"text-align: center;\">Le membre apportera une contribution d&#8217;au moins 50 euros par an. Gr\u00e2ce \u00e0 cette contribution, des informations seront disponibles et, en outre, elles aideront \u00e0 approfondir la recherche et \u00e0 sensibiliser \u00e0 la maladie.<\/p><\/h2><\/div><div class=\"fusion-sep-clear\"><\/div><div class=\"fusion-separator fusion-full-width-sep sep-single sep-solid\" style=\"border-color:#02bcd1;border-top-width:1px;margin-left: auto;margin-right: auto;margin-top:;\"><\/div><div class=\"fusion-sep-clear\"><\/div><div class=\"fusion-separator fusion-full-width-sep sep-single sep-solid\" style=\"border-color:#ffffff;border-top-width:30px;margin-left: auto;margin-right: auto;margin-top:;\"><\/div><div role=\"form\" class=\"wpcf7\" id=\"wpcf7-f1432-o1\" lang=\"eu-ES\" dir=\"ltr\">\n<div class=\"screen-reader-response\"><\/div>\n<form action=\"\/fr\/wp-json\/wp\/v2\/pages\/1952#wpcf7-f1432-o1\" method=\"post\" class=\"wpcf7-form\" novalidate=\"novalidate\">\n<div style=\"display: none;\">\n<input type=\"hidden\" name=\"_wpcf7\" value=\"1432\" \/>\n<input type=\"hidden\" name=\"_wpcf7_version\" value=\"5.1.4\" \/>\n<input type=\"hidden\" name=\"_wpcf7_locale\" value=\"eu_ES\" \/>\n<input type=\"hidden\" name=\"_wpcf7_unit_tag\" value=\"wpcf7-f1432-o1\" \/>\n<input type=\"hidden\" name=\"_wpcf7_container_post\" value=\"0\" \/>\n<\/div>\n<p><label> Izen abizenak (beharrezkoa)<br \/>\n    <span class=\"wpcf7-form-control-wrap izen-abizenak\"><input type=\"text\" name=\"izen-abizenak\" value=\"\" size=\"40\" class=\"wpcf7-form-control wpcf7-text wpcf7-validates-as-required\" aria-required=\"true\" aria-invalid=\"false\" \/><\/span> <\/label><\/p>\n<p><label> Emaila (beharrezkoa)<br \/>\n    <span class=\"wpcf7-form-control-wrap zure-emaila\"><input type=\"email\" name=\"zure-emaila\" value=\"\" size=\"40\" class=\"wpcf7-form-control wpcf7-text wpcf7-email wpcf7-validates-as-required wpcf7-validates-as-email\" aria-required=\"true\" aria-invalid=\"false\" \/><\/span> <\/label><\/p>\n<p><label> Telefonoa (beharrezkoa)<br \/>\n    <span class=\"wpcf7-form-control-wrap zure-telefonoa\"><input type=\"text\" name=\"zure-telefonoa\" value=\"\" size=\"40\" class=\"wpcf7-form-control wpcf7-text wpcf7-validates-as-required\" aria-required=\"true\" aria-invalid=\"false\" \/><\/span> <\/label><\/p>\n<p><label> NANa (beharrezkoa)<br \/>\n    <span class=\"wpcf7-form-control-wrap zure-NANa\"><input type=\"text\" name=\"zure-NANa\" value=\"\" size=\"40\" class=\"wpcf7-form-control wpcf7-text wpcf7-validates-as-required\" aria-required=\"true\" aria-invalid=\"false\" \/><\/span> <\/label><\/p>\n<p><label> Kontu korrontea (beharrezkoa)<br \/>\n    <span class=\"wpcf7-form-control-wrap kontu-korrontea\"><input type=\"text\" name=\"kontu-korrontea\" value=\"\" size=\"40\" class=\"wpcf7-form-control wpcf7-text wpcf7-validates-as-required\" aria-required=\"true\" aria-invalid=\"false\" \/><\/span> <\/label><\/p>\n<p><label> Ekarpenaren zenbatekoa (aukerakoa*)<br \/>\n    <span class=\"wpcf7-form-control-wrap ekarpenaren-zenbatekoa\"><input type=\"text\" name=\"ekarpenaren-zenbatekoa\" value=\"\" size=\"40\" class=\"wpcf7-form-control wpcf7-text\" aria-invalid=\"false\" \/><\/span> <\/label><\/p>\n<p><label> Ekarpenaren maiztasuna (aukerakoa*)<br \/>\n    <span class=\"wpcf7-form-control-wrap ekarpenaren-maiztasuna\"><input type=\"text\" name=\"ekarpenaren-maiztasuna\" value=\"\" size=\"40\" class=\"wpcf7-form-control wpcf7-text\" aria-invalid=\"false\" \/><\/span> <\/label><\/p>\n<p><label> Zein hizkuntzatan nahi duzu zurekin kontaktuan jartzea? (beharrezkoa)<br \/>\n    <span class=\"wpcf7-form-control-wrap hizkuntza\"><input type=\"text\" name=\"hizkuntza\" value=\"\" size=\"40\" class=\"wpcf7-form-control wpcf7-text wpcf7-validates-as-required\" aria-required=\"true\" aria-invalid=\"false\" \/><\/span> <\/label><\/p>\n<p><input type=\"submit\" value=\"Bazkide egin\" class=\"wpcf7-form-control wpcf7-submit\" \/><\/p>\n<div class=\"fusion-alert alert custom alert-custom fusion-alert-center fusion-alert-capitalize alert-dismissable wpcf7-response-output wpcf7-display-none\" style=\"border-width:1px;\"><button style=\"color:;border-color:;\" type=\"button\" class=\"close toggle-alert\" data-dismiss=\"alert\" aria-hidden=\"true\">&times;<\/button><div class=\"fusion-alert-content-wrapper\"><span class=\"fusion-alert-content\"><\/span><\/div><\/div><\/form><\/div><div class=\"fusion-text\"><p>(*) Si la fr\u00e9quence et le montant de la contribution ne sont pas pr\u00e9cis\u00e9s, nous comprendrons que vous souhaitez apporter une contribution de 50 euros par an!<\/p>\n<\/div><div class=\"fusion-clearfix\"><\/div>\n\n\t\t\t\t\t<\/div>\n\t\t\t\t<\/div><\/div><\/div>\n","protected":false},"excerpt":{"rendered":"","protected":false},"author":1,"featured_media":0,"parent":0,"menu_order":0,"comment_status":"closed","ping_status":"closed","template":"","meta":[],"_links":{"self":[{"href":"https:\/\/www.vhlsendabide.eus\/fr\/wp-json\/wp\/v2\/pages\/1952"}],"collection":[{"href":"https:\/\/www.vhlsendabide.eus\/fr\/wp-json\/wp\/v2\/pages"}],"about":[{"href":"https:\/\/www.vhlsendabide.eus\/fr\/wp-json\/wp\/v2\/types\/page"}],"author":[{"embeddable":true,"href":"https:\/\/www.vhlsendabide.eus\/fr\/wp-json\/wp\/v2\/users\/1"}],"replies":[{"embeddable":true,"href":"https:\/\/www.vhlsendabide.eus\/fr\/wp-json\/wp\/v2\/comments?post=1952"}],"version-history":[{"count":12,"href":"https:\/\/www.vhlsendabide.eus\/fr\/wp-json\/wp\/v2\/pages\/1952\/revisions"}],"predecessor-version":[{"id":2331,"href":"https:\/\/www.vhlsendabide.eus\/fr\/wp-json\/wp\/v2\/pages\/1952\/revisions\/2331"}],"wp:attachment":[{"href":"https:\/\/www.vhlsendabide.eus\/fr\/wp-json\/wp\/v2\/media?parent=1952"}],"curies":[{"name":"wp","href":"https:\/\/api.w.org\/{rel}","templated":true}]}}